{"id":98,"date":"2019-04-02T00:53:53","date_gmt":"2019-04-01T22:53:53","guid":{"rendered":"http:\/\/www.incyma.es\/?page_id=98"},"modified":"2026-03-11T00:05:17","modified_gmt":"2026-03-10T23:05:17","slug":"blog","status":"publish","type":"page","link":"https:\/\/www.incyma.es\/pt\/blog\/","title":{"rendered":"Atualidades"},"content":{"rendered":"<p>[et_pb_section fb_built=\u00bb1&#8243; admin_label=\u00bbBlog\u00bb _builder_version=\u00bb4.16&#8243; custom_margin=\u00bb||-40px\u00bb custom_padding=\u00bb54px|0px|0px|0px|false|false\u00bb da_disable_devices=\u00bboff|off|off\u00bb global_colors_info=\u00bb{}\u00bb da_is_popup=\u00bboff\u00bb da_exit_intent=\u00bboff\u00bb da_has_close=\u00bbon\u00bb da_alt_close=\u00bboff\u00bb da_dark_close=\u00bboff\u00bb da_not_modal=\u00bbon\u00bb da_is_singular=\u00bboff\u00bb da_with_loader=\u00bboff\u00bb da_has_shadow=\u00bbon\u00bb][et_pb_row _builder_version=\u00bb4.16&#8243; custom_padding=\u00bb0|0px|0|0px|true|false\u00bb global_colors_info=\u00bb{}\u00bb][et_pb_column type=\u00bb4_4&#8243; _builder_version=\u00bb4.16&#8243; custom_padding=\u00bb|||\u00bb global_colors_info=\u00bb{}\u00bb custom_padding__hover=\u00bb|||\u00bb][et_pb_text _builder_version=\u00bb4.27.5&#8243; header_font=\u00bbQuicksand|500|||||||\u00bb header_text_align=\u00bbcenter\u00bb header_text_color=\u00bb#00948f\u00bb header_font_size=\u00bb26px\u00bb custom_margin=\u00bb-20px||16px\u00bb custom_padding=\u00bb0px||\u00bb global_colors_info=\u00bb{}\u00bb]<\/p>\n<h1>Actualidad INCYMA<\/h1>\n<p>[\/et_pb_text][et_pb_divider color=\u00bb#ff5f00&#8243; _builder_version=\u00bb4.16&#8243; global_colors_info=\u00bb{}\u00bb][\/et_pb_divider][\/et_pb_column][\/et_pb_row][et_pb_row column_structure=\u00bb3_4,1_4&#8243; _builder_version=\u00bb4.16&#8243; background_size=\u00bbinitial\u00bb background_position=\u00bbtop_left\u00bb background_repeat=\u00bbrepeat\u00bb global_colors_info=\u00bb{}\u00bb][et_pb_column type=\u00bb3_4&#8243; _builder_version=\u00bb4.16&#8243; custom_padding=\u00bb|||\u00bb global_colors_info=\u00bb{}\u00bb custom_padding__hover=\u00bb|||\u00bb][et_pb_blog posts_number=\u00bb1&#8243; include_categories=\u00bb15&#8243; meta_date=\u00bbj M Y\u00bb show_author=\u00bboff\u00bb show_categories=\u00bboff\u00bb show_pagination=\u00bboff\u00bb _builder_version=\u00bb4.16&#8243; header_font=\u00bbQuicksand||||||||\u00bb header_line_height=\u00bb1.3em\u00bb body_font=\u00bbQuicksand||||||||\u00bb body_font_size=\u00bb16px\u00bb body_line_height=\u00bb1.9em\u00bb meta_text_color=\u00bbrgba(0,0,0,0.3)\u00bb meta_font_size=\u00bb16px\u00bb text_orientation=\u00bbjustified\u00bb animation_style=\u00bbfold\u00bb animation_direction=\u00bbbottom\u00bb animation_intensity_fold=\u00bb1%\u00bb custom_css_featured_image=\u00bb||\u00bb global_colors_info=\u00bb{}\u00bb][\/et_pb_blog][\/et_pb_column][et_pb_column type=\u00bb1_4&#8243; _builder_version=\u00bb4.16&#8243; custom_padding=\u00bb|||\u00bb global_colors_info=\u00bb{}\u00bb custom_padding__hover=\u00bb|||\u00bb][et_pb_sidebar orientation=\u00bbright\u00bb show_border=\u00bboff\u00bb _builder_version=\u00bb4.16&#8243; header_font=\u00bbMontserrat||||\u00bb animation_style=\u00bbslide\u00bb animation_direction=\u00bbleft\u00bb animation_intensity_slide=\u00bb10%\u00bb global_colors_info=\u00bb{}\u00bb][\/et_pb_sidebar][\/et_pb_column][\/et_pb_row][\/et_pb_section][et_pb_section fb_built=\u00bb1&#8243; admin_label=\u00bbVideo\u00bb _builder_version=\u00bb4.16&#8243; background_color=\u00bbrgba(102,102,102,0.06)\u00bb custom_padding=\u00bb23px||0px||false|false\u00bb animation_style=\u00bbfold\u00bb animation_direction=\u00bbbottom\u00bb animation_intensity_fold=\u00bb4%\u00bb da_disable_devices=\u00bboff|off|off\u00bb global_colors_info=\u00bb{}\u00bb da_is_popup=\u00bboff\u00bb da_exit_intent=\u00bboff\u00bb da_has_close=\u00bbon\u00bb da_alt_close=\u00bboff\u00bb da_dark_close=\u00bboff\u00bb da_not_modal=\u00bbon\u00bb da_is_singular=\u00bboff\u00bb da_with_loader=\u00bboff\u00bb da_has_shadow=\u00bbon\u00bb][et_pb_row _builder_version=\u00bb4.16&#8243; custom_padding=\u00bb0px|||||\u00bb global_colors_info=\u00bb{}\u00bb][et_pb_column type=\u00bb4_4&#8243; _builder_version=\u00bb4.16&#8243; global_colors_info=\u00bb{}\u00bb][dgbc_blog_carousel posts_number=\u00bb100&#8243; type=\u00bb3&#8243; include_categories=\u00bb15&#8243; show_excerpt_length=\u00bb150&#8243; show_categories=\u00bboff\u00bb show_author=\u00bboff\u00bb show_date=\u00bboff\u00bb item_spacing=\u00bb50%\u00bb arrow_nav=\u00bbon\u00bb dot_nav=\u00bbon\u00bb loop=\u00bbon\u00bb equal_height=\u00bbon\u00bb arrow_color=\u00bb#ff5f00&#8243; arrow_background_color=\u00bbrgba(0,0,0,0)\u00bb arrow_position=\u00bb2&#8243; dots_color=\u00bb#00948f\u00bb dots_active_color=\u00bb#ff5f00&#8243; content_padding=\u00bb5%|4%|3%|4%|false|true\u00bb _builder_version=\u00bb4.16&#8243; content_font=\u00bbQuicksand||||||||\u00bb content_text_align=\u00bbleft\u00bb content_text_color=\u00bb#7f7f7f\u00bb content_font_size=\u00bb16px\u00bb background_color=\u00bb#ffffff\u00bb border_radii_image=\u00bboff|5px|5px|2px|2px\u00bb global_colors_info=\u00bb{}\u00bb][\/dgbc_blog_carousel][\/et_pb_column][\/et_pb_row][\/et_pb_section]<\/p>\n","protected":false},"excerpt":{"rendered":"<p>Artigos e conte\u00fados sobre sustentabilidade, sistemas de gest\u00e3o ISO, ESG e conformidade normativa para empresas que procuram melhorar a sua gest\u00e3o.<\/p>","protected":false},"author":1,"featured_media":0,"parent":0,"menu_order":0,"comment_status":"closed","ping_status":"closed","template":"","meta":{"_et_pb_use_builder":"on","_et_pb_old_content":"","_et_gb_content_width":"","footnotes":""},"class_list":["post-98","page","type-page","status-publish","hentry"],"_links":{"self":[{"href":"https:\/\/www.incyma.es\/pt\/wp-json\/wp\/v2\/pages\/98","targetHints":{"allow":["GET"]}}],"collection":[{"href":"https:\/\/www.incyma.es\/pt\/wp-json\/wp\/v2\/pages"}],"about":[{"href":"https:\/\/www.incyma.es\/pt\/wp-json\/wp\/v2\/types\/page"}],"author":[{"embeddable":true,"href":"https:\/\/www.incyma.es\/pt\/wp-json\/wp\/v2\/users\/1"}],"replies":[{"embeddable":true,"href":"https:\/\/www.incyma.es\/pt\/wp-json\/wp\/v2\/comments?post=98"}],"version-history":[{"count":26,"href":"https:\/\/www.incyma.es\/pt\/wp-json\/wp\/v2\/pages\/98\/revisions"}],"predecessor-version":[{"id":3618,"href":"https:\/\/www.incyma.es\/pt\/wp-json\/wp\/v2\/pages\/98\/revisions\/3618"}],"wp:attachment":[{"href":"https:\/\/www.incyma.es\/pt\/wp-json\/wp\/v2\/media?parent=98"}],"curies":[{"name":"wp","href":"https:\/\/api.w.org\/{rel}","templated":true}]}}