{"id":729,"date":"2019-05-17T11:11:11","date_gmt":"2019-05-17T09:11:11","guid":{"rendered":"http:\/\/www.incyma.es\/?page_id=729"},"modified":"2026-03-11T00:00:25","modified_gmt":"2026-03-10T23:00:25","slug":"servicios","status":"publish","type":"page","link":"https:\/\/www.incyma.es\/pt\/servicos\/","title":{"rendered":"Servi\u00e7os"},"content":{"rendered":"<p>[et_pb_section fb_built=\u00bb1&#8243; _builder_version=\u00bb4.16&#8243; background_image=\u00bbhttps:\/\/www.incyma.es\/wp-content\/uploads\/2019\/06\/Banner-INCYMA-servicios.png\u00bb custom_padding=\u00bb16px|0px|0|0px|false|false\u00bb da_disable_devices=\u00bboff|off|off\u00bb border_width_all=\u00bb30px\u00bb border_color_all=\u00bb#ffffff\u00bb global_colors_info=\u00bb{}\u00bb da_is_popup=\u00bboff\u00bb da_exit_intent=\u00bboff\u00bb da_has_close=\u00bbon\u00bb da_alt_close=\u00bboff\u00bb da_dark_close=\u00bboff\u00bb da_not_modal=\u00bbon\u00bb da_is_singular=\u00bboff\u00bb da_with_loader=\u00bboff\u00bb da_has_shadow=\u00bbon\u00bb][et_pb_row column_structure=\u00bb1_2,1_2&#8243; use_custom_gutter=\u00bbon\u00bb gutter_width=\u00bb1&#8243; _builder_version=\u00bb4.16&#8243; custom_padding=\u00bb1px|0px|0|0px|false|false\u00bb global_colors_info=\u00bb{}\u00bb][et_pb_column type=\u00bb1_2&#8243; _builder_version=\u00bb4.16&#8243; custom_padding=\u00bb|||\u00bb global_colors_info=\u00bb{}\u00bb custom_padding__hover=\u00bb|||\u00bb][et_pb_image src=\u00bbhttps:\/\/www.incyma.es\/wp-content\/uploads\/2019\/07\/INCYMA-Servicios-IDi.png\u00bb url=\u00bbhttps:\/\/www.incyma.es\/idi-2\/\u00bb show_bottom_space=\u00bboff\u00bb align=\u00bbright\u00bb align_tablet=\u00bbcenter\u00bb align_phone=\u00bb\u00bb align_last_edited=\u00bbon|desktop\u00bb _builder_version=\u00bb4.16&#8243; max_width=\u00bb100%\u00bb module_alignment=\u00bbright\u00bb border_color_all=\u00bbrgba(0,0,0,0)\u00bb global_colors_info=\u00bb{}\u00bb filter_saturate__hover_enabled=\u00bbon\u00bb filter_saturate__hover=\u00bb100%\u00bb filter_hue_rotate__hover_enabled=\u00bbon\u00bb filter_hue_rotate__hover=\u00bb0deg\u00bb filter_brightness__hover_enabled=\u00bbon\u00bb filter_brightness__hover=\u00bb100%\u00bb border_radii__hover_enabled=\u00bbon\u00bb filter_opacity__hover_enabled=\u00bbon\u00bb filter_opacity__hover=\u00bb70%\u00bb border_width_all__hover_enabled=\u00bbon\u00bb border_width_all__hover=\u00bb8px\u00bb][\/et_pb_image][\/et_pb_column][et_pb_column type=\u00bb1_2&#8243; _builder_version=\u00bb4.16&#8243; custom_padding=\u00bb|||\u00bb global_colors_info=\u00bb{}\u00bb custom_padding__hover=\u00bb|||\u00bb][et_pb_image src=\u00bbhttps:\/\/www.incyma.es\/wp-content\/uploads\/2019\/07\/INCYMA-Servicios-RSC.png\u00bb url=\u00bbhttps:\/\/www.incyma.es\/rsc\/\u00bb show_bottom_space=\u00bboff\u00bb align_tablet=\u00bbcenter\u00bb align_phone=\u00bb\u00bb align_last_edited=\u00bbon|desktop\u00bb _builder_version=\u00bb4.16&#8243; max_width=\u00bb100%\u00bb module_alignment=\u00bbleft\u00bb custom_margin=\u00bb0px||\u00bb border_color_all=\u00bbrgba(0,0,0,0)\u00bb global_colors_info=\u00bb{}\u00bb border_width_all__hover_enabled=\u00bbon\u00bb border_width_all__hover=\u00bb8px\u00bb border_color_all__hover_enabled=\u00bbon\u00bb filter_opacity__hover_enabled=\u00bbon\u00bb filter_opacity__hover=\u00bb70%\u00bb custom_padding__hover_enabled=\u00bbon\u00bb custom_margin__hover_enabled=\u00bbon\u00bb max_width__hover_enabled=\u00bbon\u00bb border_radii__hover_enabled=\u00bbon\u00bb border_color_all__hover=\u00bbrgba(0,0,0,0)\u00bb custom_margin__hover=\u00bb0px||\u00bb max_width__hover=\u00bb100%\u00bb][\/et_pb_image][\/et_pb_column][\/et_pb_row][et_pb_row column_structure=\u00bb1_2,1_2&#8243; use_custom_gutter=\u00bbon\u00bb gutter_width=\u00bb1&#8243; make_equal=\u00bbon\u00bb admin_label=\u00bbFila\u00bb _builder_version=\u00bb4.16&#8243; custom_margin=\u00bb||-5%||false|false\u00bb custom_padding=\u00bb0px|0px|0px|0px|false|false\u00bb use_custom_width=\u00bbon\u00bb global_colors_info=\u00bb{}\u00bb][et_pb_column type=\u00bb1_2&#8243; admin_label=\u00bbColumna\u00bb _builder_version=\u00bb4.16&#8243; custom_padding=\u00bb|||\u00bb global_colors_info=\u00bb{}\u00bb custom_padding__hover=\u00bb|||\u00bb][et_pb_image src=\u00bbhttps:\/\/www.incyma.es\/wp-content\/uploads\/2019\/07\/INCYMA-Servicios-Consultori\u0301a-Estrate\u0301gica-y-Formacio\u0301n.png\u00bb url=\u00bbhttps:\/\/www.incyma.es\/consultoria-estrategica-y-formacion-2\/\u00bb show_bottom_space=\u00bboff\u00bb align=\u00bbright\u00bb align_tablet=\u00bbcenter\u00bb align_phone=\u00bb\u00bb align_last_edited=\u00bbon|desktop\u00bb _builder_version=\u00bb4.27.5&#8243; max_width=\u00bb100%\u00bb custom_margin=\u00bb-22%||||false|false\u00bb custom_padding=\u00bb0px||\u00bb border_color_all=\u00bbrgba(0,0,0,0)\u00bb global_colors_info=\u00bb{}\u00bb border_width_all__hover_enabled=\u00bbon\u00bb border_width_all__hover=\u00bb8px\u00bb filter_opacity__hover_enabled=\u00bbon\u00bb filter_opacity__hover=\u00bb70%\u00bb border_radii__hover_enabled=\u00bbon\u00bb][\/et_pb_image][\/et_pb_column][et_pb_column type=\u00bb1_2&#8243; _builder_version=\u00bb4.16&#8243; custom_padding=\u00bb|||\u00bb global_colors_info=\u00bb{}\u00bb custom_padding__hover=\u00bb|||\u00bb][et_pb_image src=\u00bbhttps:\/\/www.incyma.es\/wp-content\/uploads\/2019\/07\/INCYMA-Servicios-Sistemas-de-gestio\u0301n.png\u00bb url=\u00bbhttps:\/\/www.incyma.es\/sistemas-de-gestion-3\/\u00bb align_tablet=\u00bbcenter\u00bb align_phone=\u00bb\u00bb align_last_edited=\u00bbon|desktop\u00bb _builder_version=\u00bb4.16&#8243; max_width=\u00bb100%\u00bb custom_margin=\u00bb-22%||||false|false\u00bb border_color_all=\u00bbrgba(0,0,0,0)\u00bb border_color_top=\u00bbrgba(0,0,0,0)\u00bb border_color_right=\u00bbrgba(0,0,0,0)\u00bb border_color_bottom=\u00bbrgba(0,0,0,0)\u00bb border_color_left=\u00bbrgba(0,0,0,0)\u00bb border_width_all_tablet=\u00bb\u00bb border_width_all_phone=\u00bb\u00bb border_width_all_last_edited=\u00bbon|desktop\u00bb global_colors_info=\u00bb{}\u00bb border_width_all__hover_enabled=\u00bbon\u00bb border_width_top__hover_enabled=\u00bbon\u00bb border_width_right__hover_enabled=\u00bbon\u00bb border_width_left__hover_enabled=\u00bbon\u00bb border_width_bottom__hover_enabled=\u00bbon\u00bb filter_opacity__hover_enabled=\u00bbon\u00bb filter_opacity__hover=\u00bb70%\u00bb border_width_all__hover=\u00bb8px\u00bb][\/et_pb_image][\/et_pb_column][\/et_pb_row][\/et_pb_section][et_pb_section fb_built=\u00bb1&#8243; _builder_version=\u00bb4.16&#8243; background_color=\u00bb#00948f\u00bb custom_padding=\u00bb0|0px|0|0px|false|false\u00bb da_disable_devices=\u00bboff|off|off\u00bb border_width_top=\u00bb1px\u00bb border_color_top=\u00bb#f6b221&#8243; border_width_bottom=\u00bb1px\u00bb border_color_bottom=\u00bb#ff5f00&#8243; global_colors_info=\u00bb{}\u00bb da_is_popup=\u00bboff\u00bb da_exit_intent=\u00bboff\u00bb da_has_close=\u00bbon\u00bb da_alt_close=\u00bboff\u00bb da_dark_close=\u00bboff\u00bb da_not_modal=\u00bbon\u00bb da_is_singular=\u00bboff\u00bb da_with_loader=\u00bboff\u00bb da_has_shadow=\u00bbon\u00bb][et_pb_row _builder_version=\u00bb4.16&#8243; custom_padding=\u00bb23px|0px|13px|0px|false|false\u00bb global_colors_info=\u00bb{}\u00bb][et_pb_column type=\u00bb4_4&#8243; _builder_version=\u00bb4.16&#8243; custom_padding=\u00bb|||\u00bb global_colors_info=\u00bb{}\u00bb custom_padding__hover=\u00bb|||\u00bb][et_pb_text _builder_version=\u00bb4.27.5&#8243; header_font=\u00bb||||||||\u00bb header_2_font=\u00bbQuicksand|500|||||||\u00bb header_2_text_align=\u00bbcenter\u00bb header_2_text_color=\u00bb#ffffff\u00bb header_2_font_size=\u00bb22px\u00bb header_3_font=\u00bbTitillium Web|600|||||||\u00bb header_3_text_align=\u00bbcenter\u00bb header_3_text_color=\u00bb#ffffff\u00bb header_3_font_size=\u00bb27px\u00bb global_colors_info=\u00bb{}\u00bb]<\/p>\n<h2 data-syno-style=\"{&quot;lineHeight&quot;:&quot;1&quot;,&quot;paddingBottom&quot;:&quot;&quot;,&quot;paddingTop&quot;:&quot;&quot;,&quot;paddingLeft&quot;:&quot;&quot;,&quot;textAlign&quot;:&quot;&quot;}\" data-syno-marks=\"[{&quot;_&quot;:&quot;color&quot;,&quot;value&quot;:&quot;#000000&quot;},{&quot;_&quot;:&quot;font_size&quot;,&quot;value&quot;:&quot;18pt&quot;}]\">Expl\u00edcanos cu\u00e1les son tus necesidades y dise\u00f1amos el servicio que lo hace realizable y sostenible.<\/h2>\n<p>[\/et_pb_text][\/et_pb_column][\/et_pb_row][\/et_pb_section][et_pb_section fb_built=\u00bb1&#8243; _builder_version=\u00bb4.16&#8243; custom_padding=\u00bb||25px|||\u00bb da_disable_devices=\u00bboff|off|off\u00bb global_colors_info=\u00bb{}\u00bb da_is_popup=\u00bboff\u00bb da_exit_intent=\u00bboff\u00bb da_has_close=\u00bbon\u00bb da_alt_close=\u00bboff\u00bb da_dark_close=\u00bboff\u00bb da_not_modal=\u00bbon\u00bb da_is_singular=\u00bboff\u00bb da_with_loader=\u00bboff\u00bb da_has_shadow=\u00bbon\u00bb][et_pb_row _builder_version=\u00bb4.16&#8243; custom_padding=\u00bb0|0px|0|0px|true|false\u00bb global_colors_info=\u00bb{}\u00bb][et_pb_column type=\u00bb4_4&#8243; _builder_version=\u00bb4.16&#8243; custom_padding=\u00bb|||\u00bb global_colors_info=\u00bb{}\u00bb custom_padding__hover=\u00bb|||\u00bb][et_pb_text _builder_version=\u00bb4.27.5&#8243; text_font=\u00bbQuicksand||||||||\u00bb text_text_color=\u00bb#7c7c7c\u00bb text_font_size=\u00bb17px\u00bb text_line_height=\u00bb1.9em\u00bb header_font=\u00bb||||||||\u00bb header_2_font=\u00bbTitillium Web|600|||||||\u00bb header_2_text_align=\u00bbcenter\u00bb header_2_text_color=\u00bb#ff5f00&#8243; global_colors_info=\u00bb{}\u00bb]<\/p>\n<p style=\"text-align: justify;\" data-syno-style=\"{&quot;lineHeight&quot;:&quot;1&quot;,&quot;paddingBottom&quot;:&quot;&quot;,&quot;paddingTop&quot;:&quot;&quot;,&quot;paddingLeft&quot;:&quot;&quot;,&quot;textAlign&quot;:&quot;&quot;}\" data-syno-marks=\"[{&quot;_&quot;:&quot;color&quot;,&quot;value&quot;:&quot;#000000&quot;},{&quot;_&quot;:&quot;font_size&quot;,&quot;value&quot;:&quot;18pt&quot;}]\"><span style=\"color: #666666;\" data-syno-text=\"true\">Somos una empresa que busca ser l\u00edder y referente desde el punto de vista de la sostenibilidad. Por eso, nuestra inquietud es ayudar a todas aquellas organizaciones a construir iniciativas que permitan optimizar sus recursos de forma sostenible y eficaz.<\/span><\/p>\n<p style=\"text-align: justify;\"><span style=\"color: #666666;\">Empresa consultora en RSC referente en Extremadura, contribuye a la excelencia de nuestros clientes, coadyuvando a solucionar sus problemas mediante el uso de herramientas de gesti\u00f3n innovadoras, sostenibles y eficaces, para que la cooperaci\u00f3n y el compromiso con la Calidad, Innovaci\u00f3n y Responsabilidad Social sean valores permanentes.<\/span><\/p>\n<p>[\/et_pb_text][\/et_pb_column][\/et_pb_row][et_pb_row column_structure=\u00bb1_3,1_3,1_3&#8243; use_custom_gutter=\u00bbon\u00bb gutter_width=\u00bb1&#8243; _builder_version=\u00bb4.16&#8243; width=\u00bb100%\u00bb max_width=\u00bb1180px\u00bb module_alignment=\u00bbcenter\u00bb global_colors_info=\u00bb{}\u00bb][et_pb_column type=\u00bb1_3&#8243; _builder_version=\u00bb4.16&#8243; global_colors_info=\u00bb{}\u00bb][\/et_pb_column][et_pb_column type=\u00bb1_3&#8243; _builder_version=\u00bb4.16&#8243; global_colors_info=\u00bb{}\u00bb][et_pb_text _builder_version=\u00bb4.27.5&#8243; text_font=\u00bbQuicksand|||on|||||\u00bb text_text_color=\u00bb#ffffff\u00bb text_font_size=\u00bb20px\u00bb text_line_height=\u00bb0.2em\u00bb quote_font=\u00bbQuicksand||||||||\u00bb background_color=\u00bb#00948f\u00bb use_background_color_gradient=\u00bbon\u00bb background_color_gradient_direction=\u00bb90deg\u00bb background_color_gradient_stops=\u00bb#00948f 0%|#29c4a9 100%\u00bb background_color_gradient_start=\u00bb#00948f\u00bb background_image=\u00bbhttps:\/\/www.incyma.es\/wp-content\/uploads\/2019\/07\/Principal-botones-descarga.png\u00bb text_orientation=\u00bbcenter\u00bb width=\u00bb62%\u00bb max_width=\u00bb100%\u00bb custom_margin=\u00bb|||18%|false|false\u00bb custom_padding=\u00bb8%|3%|6%|0px|false|false\u00bb link_option_url=\u00bbhttps:\/\/www.incyma.es\/wp-content\/uploads\/2019\/07\/DOSSIER-SERVICIOS.pdf\u00bb border_radii=\u00bboff|150px||150px|\u00bb border_width_all=\u00bb2px\u00bb border_color_all=\u00bb#ffffff\u00bb box_shadow_style=\u00bbpreset3&#8243; box_shadow_horizontal=\u00bb25px\u00bb box_shadow_vertical=\u00bb-4px\u00bb box_shadow_spread=\u00bb-12px\u00bb text_text_align=\u00bbcenter\u00bb global_colors_info=\u00bb{}\u00bb background__hover_enabled=\u00bbon\u00bb background_color__hover=\u00bbrgba(0,148,143,0.5)\u00bb background_enable_color__hover=\u00bbon\u00bb border_width_all__hover_enabled=\u00bbon\u00bb border_radii__hover_enabled=\u00bbon\u00bb border_radii__hover=\u00bboff|0px|150px|0px|150px\u00bb background_enable_image__hover=\u00bbon\u00bb text_text_color__hover_enabled=\u00bbon\u00bb text_text_color__hover=\u00bbrgba(0,0,0,0)\u00bb background_image__hover=\u00bbhttps:\/\/www.incyma.es\/wp-content\/uploads\/2019\/07\/Fondo-botones-descarga.png\u00bb background_size__hover=\u00bbcontain\u00bb background_position__hover=\u00bbcenter\u00bb border_width_all__hover=\u00bb2px\u00bb]<\/p>\n<p style=\"text-align: center;\">Dossier de<\/p>\n<p style=\"text-align: center;\">servicios<\/p>\n<p>[\/et_pb_text][\/et_pb_column][et_pb_column type=\u00bb1_3&#8243; _builder_version=\u00bb4.16&#8243; global_colors_info=\u00bb{}\u00bb][\/et_pb_column][\/et_pb_row][\/et_pb_section][et_pb_section fb_built=\u00bb1&#8243; _builder_version=\u00bb4.16&#8243; custom_padding=\u00bb0px||58px|||\u00bb da_disable_devices=\u00bboff|off|off\u00bb global_colors_info=\u00bb{}\u00bb da_is_popup=\u00bboff\u00bb da_exit_intent=\u00bboff\u00bb da_has_close=\u00bbon\u00bb da_alt_close=\u00bboff\u00bb da_dark_close=\u00bboff\u00bb da_not_modal=\u00bbon\u00bb da_is_singular=\u00bboff\u00bb da_with_loader=\u00bboff\u00bb da_has_shadow=\u00bbon\u00bb][et_pb_row column_structure=\u00bb1_4,1_4,1_4,1_4&#8243; _builder_version=\u00bb4.16&#8243; global_colors_info=\u00bb{}\u00bb][et_pb_column type=\u00bb1_4&#8243; _builder_version=\u00bb4.16&#8243; global_colors_info=\u00bb{}\u00bb][et_pb_number_counter title=\u00bbA\u00d1OS DE EXPERIENCIA\u00bb number=\u00bb15&#8243; percent_sign=\u00bboff\u00bb _builder_version=\u00bb4.16&#8243; title_font=\u00bbQuicksand||||||||\u00bb title_text_align=\u00bbcenter\u00bb title_text_color=\u00bb#7E7E7E\u00bb number_font=\u00bbMontserrat|700|||||||\u00bb custom_padding=\u00bb15px|10px|15px|10px|true|true\u00bb border_width_all=\u00bb4px\u00bb border_color_all=\u00bb#f6b221&#8243; border_style_all=\u00bbdouble\u00bb global_colors_info=\u00bb{}\u00bb number__hover_enabled=\u00bbon|desktop\u00bb number__hover=\u00bb15&#8243;][\/et_pb_number_counter][\/et_pb_column][et_pb_column type=\u00bb1_4&#8243; _builder_version=\u00bb4.16&#8243; global_colors_info=\u00bb{}\u00bb][et_pb_number_counter title=\u00bbCLIENTES\u00bb number=\u00bb512&#8243; percent_sign=\u00bboff\u00bb _builder_version=\u00bb4.16&#8243; title_font=\u00bbQuicksand||||||||\u00bb title_text_align=\u00bbcenter\u00bb title_text_color=\u00bb#7E7E7E\u00bb number_font=\u00bbMontserrat|700|||||||\u00bb custom_padding=\u00bb15px|10px|15px|10px|true|true\u00bb border_width_all=\u00bb4px\u00bb border_color_all=\u00bb#f6b221&#8243; border_style_all=\u00bbdouble\u00bb global_colors_info=\u00bb{}\u00bb number__hover_enabled=\u00bbon|desktop\u00bb number__hover=\u00bb512&#8243;][\/et_pb_number_counter][\/et_pb_column][et_pb_column type=\u00bb1_4&#8243; _builder_version=\u00bb4.16&#8243; global_colors_info=\u00bb{}\u00bb][et_pb_number_counter title=\u00bbPROYECTOS\u00bb number=\u00bb733&#8243; percent_sign=\u00bboff\u00bb _builder_version=\u00bb4.16&#8243; title_font=\u00bbQuicksand||||||||\u00bb title_text_align=\u00bbcenter\u00bb title_text_color=\u00bb#7E7E7E\u00bb number_font=\u00bbMontserrat|700|||||||\u00bb custom_padding=\u00bb15px|10px|15px|10px|true|true\u00bb border_width_all=\u00bb4px\u00bb border_color_all=\u00bb#f6b221&#8243; border_style_all=\u00bbdouble\u00bb global_colors_info=\u00bb{}\u00bb number__hover_enabled=\u00bbon|desktop\u00bb number__hover=\u00bb733&#8243;][\/et_pb_number_counter][\/et_pb_column][et_pb_column type=\u00bb1_4&#8243; _builder_version=\u00bb4.16&#8243; global_colors_info=\u00bb{}\u00bb][et_pb_number_counter title=\u00bbCAF\u00c9S TOMADOS\u00bb number=\u00bb7081&#8243; percent_sign=\u00bboff\u00bb _builder_version=\u00bb4.16&#8243; title_font=\u00bbQuicksand||||||||\u00bb title_text_align=\u00bbcenter\u00bb title_text_color=\u00bb#7E7E7E\u00bb number_font=\u00bbMontserrat|700|||||||\u00bb custom_padding=\u00bb15px|10px|15px|10px|true|true\u00bb border_width_all=\u00bb4px\u00bb border_color_all=\u00bb#f6b221&#8243; border_style_all=\u00bbdouble\u00bb global_colors_info=\u00bb{}\u00bb number__hover_enabled=\u00bbon|desktop\u00bb number__hover=\u00bb7081&#8243;][\/et_pb_number_counter][\/et_pb_column][\/et_pb_row][\/et_pb_section]<\/p>\n","protected":false},"excerpt":{"rendered":"<p>Servi\u00e7os de consultoria em sustentabilidade, sistemas de gest\u00e3o ISO, ESG, ambiente e igualdade. A Incyma ajuda empresas a melhorar a gest\u00e3o e cumprir a legisla\u00e7\u00e3o.<\/p>","protected":false},"author":1,"featured_media":0,"parent":0,"menu_order":0,"comment_status":"closed","ping_status":"closed","template":"","meta":{"_et_pb_use_builder":"on","_et_pb_old_content":"","_et_gb_content_width":"","footnotes":""},"class_list":["post-729","page","type-page","status-publish","hentry"],"_links":{"self":[{"href":"https:\/\/www.incyma.es\/pt\/wp-json\/wp\/v2\/pages\/729","targetHints":{"allow":["GET"]}}],"collection":[{"href":"https:\/\/www.incyma.es\/pt\/wp-json\/wp\/v2\/pages"}],"about":[{"href":"https:\/\/www.incyma.es\/pt\/wp-json\/wp\/v2\/types\/page"}],"author":[{"embeddable":true,"href":"https:\/\/www.incyma.es\/pt\/wp-json\/wp\/v2\/users\/1"}],"replies":[{"embeddable":true,"href":"https:\/\/www.incyma.es\/pt\/wp-json\/wp\/v2\/comments?post=729"}],"version-history":[{"count":39,"href":"https:\/\/www.incyma.es\/pt\/wp-json\/wp\/v2\/pages\/729\/revisions"}],"predecessor-version":[{"id":3616,"href":"https:\/\/www.incyma.es\/pt\/wp-json\/wp\/v2\/pages\/729\/revisions\/3616"}],"wp:attachment":[{"href":"https:\/\/www.incyma.es\/pt\/wp-json\/wp\/v2\/media?parent=729"}],"curies":[{"name":"wp","href":"https:\/\/api.w.org\/{rel}","templated":true}]}}