{"id":1409,"date":"2019-08-23T23:45:57","date_gmt":"2019-08-23T21:45:57","guid":{"rendered":"http:\/\/www.incyma.es\/?page_id=1409"},"modified":"2026-03-10T15:50:01","modified_gmt":"2026-03-10T14:50:01","slug":"proyectos-idi-empresas","status":"publish","type":"page","link":"https:\/\/www.incyma.es\/pt\/projetos-id-empresariais\/","title":{"rendered":"I&amp;D+i"},"content":{"rendered":"<p>[et_pb_section fb_built=\u00bb1&#8243; _builder_version=\u00bb4.16&#8243; use_background_color_gradient=\u00bbon\u00bb background_color_gradient_stops=\u00bbrgba(246,178,33,0.23) 0%|rgba(255,255,255,0.24) 100%\u00bb background_color_gradient_overlays_image=\u00bbon\u00bb background_color_gradient_start=\u00bbrgba(246,178,33,0.23)\u00bb background_color_gradient_end=\u00bbrgba(255,255,255,0.24)\u00bb background_image=\u00bbhttps:\/\/www.incyma.es\/wp-content\/uploads\/2019\/08\/idi-INCYMA.png\u00bb background_size=\u00bbcontain\u00bb custom_padding=\u00bb119px||55px|0px|false|false\u00bb da_disable_devices=\u00bboff|off|off\u00bb global_colors_info=\u00bb{}\u00bb da_is_popup=\u00bboff\u00bb da_exit_intent=\u00bboff\u00bb da_has_close=\u00bbon\u00bb da_alt_close=\u00bboff\u00bb da_dark_close=\u00bboff\u00bb da_not_modal=\u00bbon\u00bb da_is_singular=\u00bboff\u00bb da_with_loader=\u00bboff\u00bb da_has_shadow=\u00bbon\u00bb][et_pb_row column_structure=\u00bb1_2,1_2&#8243; use_custom_gutter=\u00bbon\u00bb gutter_width=\u00bb4&#8243; make_equal=\u00bbon\u00bb _builder_version=\u00bb4.16&#8243; max_width=\u00bb1154px\u00bb custom_margin=\u00bb276px||-105px\u00bb custom_padding=\u00bb38px|0px|0|0px|false|false\u00bb use_custom_width=\u00bbon\u00bb custom_width_px=\u00bb1154px\u00bb global_colors_info=\u00bb{}\u00bb][et_pb_column type=\u00bb1_2&#8243; _builder_version=\u00bb4.16&#8243; background_color=\u00bbrgba(255,95,0,0.8)\u00bb custom_padding=\u00bb|||\u00bb global_colors_info=\u00bb{}\u00bb custom_padding__hover=\u00bb|||\u00bb][et_pb_text _builder_version=\u00bb4.27.5&#8243; text_font=\u00bbWork Sans|600|||||||\u00bb text_line_height=\u00bb2em\u00bb header_font=\u00bbQuicksand||||||||\u00bb header_text_align=\u00bbright\u00bb header_font_size=\u00bb4vw\u00bb header_line_height=\u00bb1.2em\u00bb header_2_font=\u00bb|300|||||||\u00bb header_2_text_align=\u00bbright\u00bb header_2_text_color=\u00bb#ffffff\u00bb header_2_font_size=\u00bb46px\u00bb header_3_font=\u00bb||||||||\u00bb header_4_font=\u00bbRaleway|700||on|||||\u00bb header_4_text_color=\u00bb#d94144&#8243; header_4_font_size=\u00bb12px\u00bb header_4_letter_spacing=\u00bb1.5px\u00bb header_4_line_height=\u00bb2em\u00bb background_layout=\u00bbdark\u00bb custom_margin=\u00bb20px|10px|0px|\u00bb header_font_size_tablet=\u00bb10vw\u00bb header_font_size_phone=\u00bb32px\u00bb header_font_size_last_edited=\u00bbon|desktop\u00bb border_color_all=\u00bb#f3f1f2&#8243; locked=\u00bboff\u00bb global_colors_info=\u00bb{}\u00bb]<\/p>\n<h2>I+D+i<\/h2>\n<p>[\/et_pb_text][et_pb_divider divider_weight=\u00bb2px\u00bb _builder_version=\u00bb4.16&#8243; max_width=\u00bb81%\u00bb module_alignment=\u00bbright\u00bb height=\u00bb14px\u00bb custom_margin=\u00bb8px|0px||\u00bb custom_padding=\u00bb|0px||0px\u00bb global_colors_info=\u00bb{}\u00bb][\/et_pb_divider][et_pb_text _builder_version=\u00bb4.16&#8243; text_font=\u00bbQuicksand|600|||||||\u00bb text_text_color=\u00bb#87827d\u00bb text_line_height=\u00bb2em\u00bb header_font=\u00bb||||||||\u00bb header_2_font=\u00bbSuranna|||on|||||\u00bb header_2_font_size=\u00bb3vw\u00bb header_2_line_height=\u00bb1.2em\u00bb header_3_font=\u00bbQuicksand||||||||\u00bb header_3_text_align=\u00bbright\u00bb header_4_font=\u00bbRaleway|700||on|||||\u00bb header_4_text_color=\u00bb#d94144&#8243; header_4_font_size=\u00bb12px\u00bb header_4_letter_spacing=\u00bb1.5px\u00bb header_4_line_height=\u00bb2em\u00bb background_layout=\u00bbdark\u00bb max_width=\u00bb450px\u00bb module_alignment=\u00bbright\u00bb custom_margin=\u00bb-46px||-30px\u00bb custom_padding=\u00bb0px|9px||\u00bb border_color_all=\u00bb#f3f1f2&#8243; locked=\u00bboff\u00bb global_colors_info=\u00bb{}\u00bb]<\/p>\n<h3>Gesti\u00f3n integral para la financiaci\u00f3n<\/h3>\n<h3>de proyectos de I+D+i.<\/h3>\n<p>&nbsp;<\/p>\n<p>&nbsp;<\/p>\n<p>[\/et_pb_text][\/et_pb_column][et_pb_column type=\u00bb1_2&#8243; _builder_version=\u00bb4.16&#8243; custom_padding=\u00bb|||\u00bb global_colors_info=\u00bb{}\u00bb custom_padding__hover=\u00bb|||\u00bb][\/et_pb_column][\/et_pb_row][\/et_pb_section][et_pb_section fb_built=\u00bb1&#8243; _builder_version=\u00bb4.16&#8243; custom_padding=\u00bb0|0px|0px|0px|false|false\u00bb da_disable_devices=\u00bboff|off|off\u00bb global_colors_info=\u00bb{}\u00bb da_is_popup=\u00bboff\u00bb da_exit_intent=\u00bboff\u00bb da_has_close=\u00bbon\u00bb da_alt_close=\u00bboff\u00bb da_dark_close=\u00bboff\u00bb da_not_modal=\u00bbon\u00bb da_is_singular=\u00bboff\u00bb da_with_loader=\u00bboff\u00bb da_has_shadow=\u00bbon\u00bb][et_pb_row _builder_version=\u00bb4.16&#8243; max_width=\u00bb90%\u00bb custom_margin=\u00bb3%||\u00bb custom_padding=\u00bb||1px|||\u00bb global_colors_info=\u00bb{}\u00bb][et_pb_column type=\u00bb4_4&#8243; _builder_version=\u00bb4.16&#8243; custom_padding=\u00bb|||\u00bb global_colors_info=\u00bb{}\u00bb custom_padding__hover=\u00bb|||\u00bb][et_pb_text _builder_version=\u00bb4.27.5&#8243; text_font=\u00bbQuicksand||||||||\u00bb text_text_color=\u00bb#7c7c7c\u00bb text_font_size=\u00bb17px\u00bb text_line_height=\u00bb1.8em\u00bb header_font=\u00bb||||||||\u00bb header_4_font=\u00bbQuicksand|||on|||||\u00bb header_4_text_align=\u00bbleft\u00bb header_4_text_color=\u00bb#ff5f00&#8243; custom_padding=\u00bb21px||0px|||\u00bb global_colors_info=\u00bb{}\u00bb]<\/p>\n<h4>Financiaci\u00f3n para Proyectos (FPr)<\/h4>\n<p>Somos especialistas en las convocatorias m\u00e1s relevantes de los principales organismos p\u00fablicos estatales (CDTI, MINECO, MINCOTUR, MINISTERIO DE CIENCIA o Agencia Estatal de Investigaci\u00f3n) como son CIEN, RETOS-COLABORACI\u00d3N, INNTERCONECTA, PID, AEESD, EUREKA, IBEROEKA, etc. Abarcamos proyectos nacionales y regionales.<\/p>\n<h4>Innovaci\u00f3n Social (IS)<\/h4>\n<p>Ayudamos a nuestros clientes a integrar la innovaci\u00f3n social en sus pr\u00e1cticas empresariales para desarrollar el valor social de sus empresas e integrar los Objetivos de Desarrollo Sostenible (ODS) en su actividad. Formamos parte del Pacto Mundial de Naciones Unidas.<\/p>\n<p>La responsabilidad social junto con la innovaci\u00f3n social est\u00e1n llamadas a marcar la diferencia entre las empresas y establecer ventajas competitivas. Estudiamos el impacto social de la actividad empresarial y especialmente de proyectos innovadores, que para obtener financiaci\u00f3n deben aportar soluciones reales a problemas sociales.<\/p>\n<p>&nbsp;<\/p>\n<p>[\/et_pb_text][\/et_pb_column][\/et_pb_row][\/et_pb_section][et_pb_section fb_built=\u00bb1&#8243; _builder_version=\u00bb4.16&#8243; custom_padding=\u00bb0px|||||\u00bb da_disable_devices=\u00bboff|off|off\u00bb global_colors_info=\u00bb{}\u00bb da_is_popup=\u00bboff\u00bb da_exit_intent=\u00bboff\u00bb da_has_close=\u00bbon\u00bb da_alt_close=\u00bboff\u00bb da_dark_close=\u00bboff\u00bb da_not_modal=\u00bbon\u00bb da_is_singular=\u00bboff\u00bb da_with_loader=\u00bboff\u00bb da_has_shadow=\u00bbon\u00bb][et_pb_row _builder_version=\u00bb4.16&#8243; width=\u00bb89%\u00bb max_width=\u00bb100%\u00bb custom_padding=\u00bb||2px|||\u00bb global_colors_info=\u00bb{}\u00bb][et_pb_column type=\u00bb4_4&#8243; _builder_version=\u00bb4.16&#8243; custom_padding=\u00bb|||\u00bb global_colors_info=\u00bb{}\u00bb custom_padding__hover=\u00bb|||\u00bb][et_pb_text _builder_version=\u00bb4.0.1&#8243; header_font=\u00bbQuicksand||||||||\u00bb header_2_font=\u00bbQuicksand|600|||||||\u00bb header_2_text_align=\u00bbcenter\u00bb header_2_text_color=\u00bb#00948f\u00bb custom_padding=\u00bb||8px|||\u00bb global_module=\u00bb1427&#8243; saved_tabs=\u00bball\u00bb global_colors_info=\u00bb{}\u00bb]<\/p>\n<h2>Otros servicios de INCYMA<\/h2>\n<p>[\/et_pb_text][\/et_pb_column][\/et_pb_row][et_pb_row column_structure=\u00bb1_3,1_3,1_3&#8243; use_custom_gutter=\u00bbon\u00bb make_equal=\u00bbon\u00bb admin_label=\u00bbServices\u00bb module_class=\u00bb et_pb_row_fullwidth\u00bb _builder_version=\u00bb4.16&#8243; width_tablet=\u00bb80%\u00bb width_phone=\u00bb\u00bb width_last_edited=\u00bbon|desktop\u00bb max_width=\u00bb100%\u00bb max_width_tablet=\u00bb80%\u00bb max_width_phone=\u00bb\u00bb max_width_last_edited=\u00bbon|desktop\u00bb module_alignment=\u00bbcenter\u00bb custom_margin=\u00bb-1px|auto|-20px|auto||\u00bb custom_padding=\u00bb31px||40px||false|false\u00bb border_width_top=\u00bb1px\u00bb border_color_top=\u00bb#ff5f00&#8243; make_fullwidth=\u00bbon\u00bb global_colors_info=\u00bb{}\u00bb][et_pb_column type=\u00bb1_3&#8243; _builder_version=\u00bb4.16&#8243; custom_padding=\u00bb|||\u00bb link_option_url=\u00bbhttps:\/\/www.incyma.es\/rsc\/\u00bb global_colors_info=\u00bb{}\u00bb custom_padding__hover=\u00bb|||\u00bb][et_pb_image src=\u00bbhttps:\/\/www.incyma.es\/wp-content\/uploads\/2019\/05\/RSC.png\u00bb align=\u00bbcenter\u00bb align_tablet=\u00bbcenter\u00bb align_phone=\u00bb\u00bb align_last_edited=\u00bbon|desktop\u00bb _builder_version=\u00bb4.16&#8243; max_width=\u00bb35%\u00bb module_alignment=\u00bbcenter\u00bb custom_margin=\u00bb||16%\u00bb global_colors_info=\u00bb{}\u00bb][\/et_pb_image][et_pb_text _builder_version=\u00bb4.16&#8243; header_font=\u00bb||||||||\u00bb header_3_font=\u00bbQuicksand|500||on|||||\u00bb header_3_text_align=\u00bbcenter\u00bb header_3_text_color=\u00bb#666666&#8243; header_3_font_size=\u00bb26px\u00bb custom_margin=\u00bb-50px||\u00bb custom_padding=\u00bb7px||\u00bb border_radii=\u00bbon|3px|3px|3px|3px\u00bb border_color_all=\u00bb#00948f\u00bb global_colors_info=\u00bb{}\u00bb]<\/p>\n<h3>RSC<\/h3>\n<p>[\/et_pb_text][et_pb_divider divider_weight=\u00bb2px\u00bb _builder_version=\u00bb4.16&#8243; width=\u00bb100%\u00bb height=\u00bb0px\u00bb custom_margin=\u00bb-20px||\u00bb custom_padding=\u00bb|0px||0px|false|true\u00bb global_colors_info=\u00bb{}\u00bb][\/et_pb_divider][et_pb_text _builder_version=\u00bb4.16&#8243; text_font=\u00bbQuicksand||||||||\u00bb text_text_color=\u00bb#7c7c7c\u00bb text_font_size=\u00bb17px\u00bb text_line_height=\u00bb1.8em\u00bb text_orientation=\u00bbcenter\u00bb custom_margin=\u00bb-3%|4%||4%|false|true\u00bb text_text_align=\u00bbcenter\u00bb global_colors_info=\u00bb{}\u00bb]<\/p>\n<p class=\"p1\">Incorporamos la responsabilidad social en su estrategia empresarial.<\/p>\n<p>[\/et_pb_text][\/et_pb_column][et_pb_column type=\u00bb1_3&#8243; _builder_version=\u00bb4.16&#8243; custom_padding=\u00bb|||\u00bb link_option_url=\u00bbhttps:\/\/www.incyma.es\/sistemas-de-gestion-3\/\u00bb global_colors_info=\u00bb{}\u00bb custom_padding__hover=\u00bb|||\u00bb][et_pb_image src=\u00bbhttps:\/\/www.incyma.es\/wp-content\/uploads\/2019\/05\/Sistemas-de-gestion.png\u00bb align=\u00bbcenter\u00bb align_tablet=\u00bbcenter\u00bb align_phone=\u00bb\u00bb align_last_edited=\u00bbon|desktop\u00bb _builder_version=\u00bb4.16&#8243; max_width=\u00bb33%\u00bb custom_margin=\u00bb4%||0%||false|false\u00bb global_colors_info=\u00bb{}\u00bb][\/et_pb_image][et_pb_blurb title=\u00bbSistema de gesti\u00f3n\u00bb _builder_version=\u00bb4.16&#8243; header_level=\u00bbh3&#8243; header_font=\u00bbQuicksand|500|||||||\u00bb header_text_color=\u00bb#666666&#8243; header_font_size=\u00bb26px\u00bb header_line_height=\u00bb1.2em\u00bb body_font=\u00bbTitillium Web||||||||\u00bb body_text_color=\u00bb#666666&#8243; body_font_size=\u00bb16px\u00bb body_line_height=\u00bb1.8em\u00bb text_orientation=\u00bbcenter\u00bb animation_style=\u00bbzoom\u00bb animation_delay=\u00bb100ms\u00bb border_color_all=\u00bb#00948f\u00bb border_style_all=\u00bbsolid\u00bb use_border_color=\u00bbon\u00bb border_color=\u00bb#dddddd\u00bb global_colors_info=\u00bb{}\u00bb][\/et_pb_blurb][et_pb_divider color=\u00bb#94d500&#8243; divider_weight=\u00bb2px\u00bb _builder_version=\u00bb4.16&#8243; width=\u00bb100%\u00bb height=\u00bb0px\u00bb custom_margin=\u00bb-20px||\u00bb custom_padding=\u00bb|0px||0px|false|true\u00bb global_colors_info=\u00bb{}\u00bb][\/et_pb_divider][et_pb_text _builder_version=\u00bb4.27.5&#8243; text_font=\u00bbQuicksand||||||||\u00bb text_text_color=\u00bb#7c7c7c\u00bb text_font_size=\u00bb17px\u00bb text_line_height=\u00bb1.8em\u00bb text_orientation=\u00bbcenter\u00bb custom_margin=\u00bb-3%|3%||3%|false|true\u00bb text_text_align=\u00bbcenter\u00bb global_colors_info=\u00bb{}\u00bb]<\/p>\n<p class=\"p1\">Creamos soluciones personalizadas en su camino a la excelencia.<\/p>\n<p>[\/et_pb_text][\/et_pb_column][et_pb_column type=\u00bb1_3&#8243; _builder_version=\u00bb4.16&#8243; custom_padding=\u00bb|||\u00bb link_option_url=\u00bbhttps:\/\/www.incyma.es\/consultoria-estrategica-y-formacion-2\/\u00bb global_colors_info=\u00bb{}\u00bb custom_padding__hover=\u00bb|||\u00bb][et_pb_image src=\u00bbhttps:\/\/www.incyma.es\/wp-content\/uploads\/2019\/06\/Consultoria-estrategica-def.png\u00bb align=\u00bbcenter\u00bb align_tablet=\u00bbcenter\u00bb align_phone=\u00bb\u00bb align_last_edited=\u00bbon|desktop\u00bb _builder_version=\u00bb4.16&#8243; max_width=\u00bb35%\u00bb custom_margin=\u00bb||2%\u00bb global_colors_info=\u00bb{}\u00bb][\/et_pb_image][et_pb_blurb title=\u00bbConsultor\u00eda Estrat\u00e9gica\u00bb _builder_version=\u00bb4.16&#8243; header_level=\u00bbh3&#8243; header_font=\u00bbQuicksand|500|||||||\u00bb header_text_color=\u00bb#666666&#8243; header_font_size=\u00bb26px\u00bb header_line_height=\u00bb1.2em\u00bb body_font=\u00bbTitillium Web||||||||\u00bb body_text_color=\u00bb#666666&#8243; body_font_size=\u00bb16px\u00bb body_line_height=\u00bb1.8em\u00bb text_orientation=\u00bbcenter\u00bb animation_style=\u00bbzoom\u00bb animation_delay=\u00bb100ms\u00bb border_color_all=\u00bb#00948f\u00bb border_style_all=\u00bbsolid\u00bb use_border_color=\u00bbon\u00bb border_color=\u00bb#dddddd\u00bb global_colors_info=\u00bb{}\u00bb][\/et_pb_blurb][et_pb_divider color=\u00bb#f6b221&#8243; divider_weight=\u00bb2px\u00bb _builder_version=\u00bb4.16&#8243; width=\u00bb100%\u00bb height=\u00bb0px\u00bb custom_margin=\u00bb-20px||\u00bb custom_padding=\u00bb|0px||0px|false|true\u00bb global_colors_info=\u00bb{}\u00bb][\/et_pb_divider][et_pb_text _builder_version=\u00bb4.16&#8243; text_font=\u00bbQuicksand||||||||\u00bb text_text_color=\u00bb#7c7c7c\u00bb text_font_size=\u00bb17px\u00bb text_line_height=\u00bb1.8em\u00bb text_orientation=\u00bbcenter\u00bb custom_margin=\u00bb-3%|3%||3%|false|true\u00bb text_text_align=\u00bbcenter\u00bb global_colors_info=\u00bb{}\u00bb]<\/p>\n<p class=\"p1\"><span>Dise\u00f1amos la estrategia y el plan de negocio \u00f3ptimos para ti.<\/span><\/p>\n<p>[\/et_pb_text][\/et_pb_column][\/et_pb_row][\/et_pb_section][et_pb_section fb_built=\u00bb1&#8243; _builder_version=\u00bb4.16&#8243; use_background_color_gradient=\u00bbon\u00bb background_color_gradient_stops=\u00bb#ffffff 0%|rgba(255,255,255,0) 100%\u00bb background_color_gradient_overlays_image=\u00bbon\u00bb background_color_gradient_start=\u00bb#ffffff\u00bb background_color_gradient_end=\u00bbrgba(255,255,255,0)\u00bb background_image=\u00bbhttps:\/\/www.incyma.es\/wp-content\/uploads\/2019\/06\/INCYMA-trabajando-def-3.jpg\u00bb custom_padding=\u00bb6.5%|0px|254px|0px||\u00bb da_disable_devices=\u00bboff|off|off\u00bb global_colors_info=\u00bb{}\u00bb da_is_popup=\u00bboff\u00bb da_exit_intent=\u00bboff\u00bb da_has_close=\u00bbon\u00bb da_alt_close=\u00bboff\u00bb da_dark_close=\u00bboff\u00bb da_not_modal=\u00bbon\u00bb da_is_singular=\u00bboff\u00bb da_with_loader=\u00bboff\u00bb da_has_shadow=\u00bbon\u00bb][et_pb_row _builder_version=\u00bb4.16&#8243; global_colors_info=\u00bb{}\u00bb][et_pb_column type=\u00bb4_4&#8243; _builder_version=\u00bb4.16&#8243; custom_padding=\u00bb|||\u00bb global_colors_info=\u00bb{}\u00bb custom_padding__hover=\u00bb|||\u00bb][et_pb_text _builder_version=\u00bb4.27.5&#8243; text_font=\u00bb||||||||\u00bb header_font=\u00bbQuicksand||||||||\u00bb header_2_font=\u00bbQuicksand|||on|||||\u00bb header_2_text_align=\u00bbcenter\u00bb header_2_text_color=\u00bb#00948f\u00bb header_2_font_size=\u00bb40px\u00bb header_2_text_shadow_style=\u00bbpreset1&#8243; header_2_text_shadow_color=\u00bb#ffffff\u00bb global_colors_info=\u00bb{}\u00bb]<\/p>\n<h2>\u00bfHablamos?<\/h2>\n<p>[\/et_pb_text][et_pb_social_media_follow _builder_version=\u00bb4.16&#8243; text_orientation=\u00bbcenter\u00bb locked=\u00bboff\u00bb global_colors_info=\u00bb{}\u00bb][et_pb_social_media_follow_network social_network=\u00bbtwitter\u00bb use_icon_font_size=\u00bbon\u00bb icon_font_size=\u00bb25px\u00bb _builder_version=\u00bb4.22.2&#8243; background_color=\u00bb#000000&#8243; border_radii=\u00bbon|28px|28px|28px|28px\u00bb global_colors_info=\u00bb{}\u00bb follow_button=\u00bboff\u00bb url_new_window=\u00bbon\u00bb]twitter[\/et_pb_social_media_follow_network][et_pb_social_media_follow_network social_network=\u00bblinkedin\u00bb use_icon_font_size=\u00bbon\u00bb icon_font_size=\u00bb25px\u00bb _builder_version=\u00bb4.16&#8243; background_color=\u00bb#007bb6&#8243; border_radii=\u00bbon|30px|30px|30px|30px\u00bb global_colors_info=\u00bb{}\u00bb follow_button=\u00bboff\u00bb url_new_window=\u00bbon\u00bb]linkedin[\/et_pb_social_media_follow_network][et_pb_social_media_follow_network social_network=\u00bbfacebook\u00bb use_icon_font_size=\u00bbon\u00bb icon_font_size=\u00bb25px\u00bb _builder_version=\u00bb4.16&#8243; background_color=\u00bb#3b5998&#8243; border_radii=\u00bbon|24px|24px|24px|24px\u00bb global_colors_info=\u00bb{}\u00bb follow_button=\u00bboff\u00bb url_new_window=\u00bbon\u00bb]facebook[\/et_pb_social_media_follow_network][\/et_pb_social_media_follow][\/et_pb_column][\/et_pb_row][\/et_pb_section]<\/p>\n","protected":false},"excerpt":{"rendered":"<p>I+D+iGesti\u00f3n integral para la financiaci\u00f3n de proyectos de I+D+i. &nbsp; &nbsp;Financiaci\u00f3n para Proyectos (FPr) Somos especialistas en las convocatorias m\u00e1s relevantes de los principales organismos p\u00fablicos estatales (CDTI, MINECO, MINCOTUR, MINISTERIO DE CIENCIA o Agencia Estatal de Investigaci\u00f3n) como son CIEN, RETOS-COLABORACI\u00d3N, INNTERCONECTA, PID, AEESD, EUREKA, IBEROEKA, etc. Abarcamos proyectos nacionales y regionales. Innovaci\u00f3n Social [&hellip;]<\/p>\n","protected":false},"author":1,"featured_media":0,"parent":0,"menu_order":0,"comment_status":"closed","ping_status":"closed","template":"","meta":{"_et_pb_use_builder":"on","_et_pb_old_content":"","_et_gb_content_width":"","footnotes":""},"class_list":["post-1409","page","type-page","status-publish","hentry"],"_links":{"self":[{"href":"https:\/\/www.incyma.es\/pt\/wp-json\/wp\/v2\/pages\/1409","targetHints":{"allow":["GET"]}}],"collection":[{"href":"https:\/\/www.incyma.es\/pt\/wp-json\/wp\/v2\/pages"}],"about":[{"href":"https:\/\/www.incyma.es\/pt\/wp-json\/wp\/v2\/types\/page"}],"author":[{"embeddable":true,"href":"https:\/\/www.incyma.es\/pt\/wp-json\/wp\/v2\/users\/1"}],"replies":[{"embeddable":true,"href":"https:\/\/www.incyma.es\/pt\/wp-json\/wp\/v2\/comments?post=1409"}],"version-history":[{"count":12,"href":"https:\/\/www.incyma.es\/pt\/wp-json\/wp\/v2\/pages\/1409\/revisions"}],"predecessor-version":[{"id":3579,"href":"https:\/\/www.incyma.es\/pt\/wp-json\/wp\/v2\/pages\/1409\/revisions\/3579"}],"wp:attachment":[{"href":"https:\/\/www.incyma.es\/pt\/wp-json\/wp\/v2\/media?parent=1409"}],"curies":[{"name":"wp","href":"https:\/\/api.w.org\/{rel}","templated":true}]}}